{"id":50,"date":"2022-12-25T16:15:06","date_gmt":"2022-12-25T15:15:06","guid":{"rendered":"https:\/\/new.buddho.org\/nl\/?page_id=50"},"modified":"2023-01-14T13:33:00","modified_gmt":"2023-01-14T12:33:00","slug":"bedankt","status":"publish","type":"page","link":"https:\/\/buddho.org\/nl\/bedankt\/","title":{"rendered":"Bedankt"},"content":{"rendered":"\n<section class=\"wp-block-group\"><div class=\"wp-block-group__inner-container is-layout-flow wp-block-group-is-layout-flow\">\n<p class=\"drop-cap first-paragraph\">Je hebt een waardevol steentje bijgedragen aan <a href=\"https:\/\/buddho.org\/nl\/stichting\/\">buddho.org<\/a> en daarmee het behoud deze website.<\/p>\n\n\n\n<p>Wij hopen dat we met jouw hulp nog lang een waardevolle bijdrage aan <a href=\"https:\/\/buddho.org\/nl\/boeddhisme\/\" data-type=\"page\" data-id=\"34\">de Dhamma<\/a> in Nederland kunnen leveren.<\/p>\n<\/div><\/section>\n\n\n\n<div class=\"wp-block-columns is-layout-flex wp-container-core-columns-is-layout-9d6595d7 wp-block-columns-is-layout-flex\">\n<div class=\"wp-block-column is-layout-flow wp-block-column-is-layout-flow\" style=\"flex-basis:100%\"><div class=\"cue-playlist-container\">\r\n<div class=\"cue-playlist cue-theme-default\" itemscope itemtype=\"http:\/\/schema.org\/MusicPlaylist\">\r\n\t\r\n\t<meta itemprop=\"numTracks\" content=\"1\" \/>\r\n\r\n\t<audio src=\"https:\/\/buddho.org\/nl\/wp-content\/uploads\/sites\/2\/anumodana-monks.mp3\" controls preload=\"none\" class=\"cue-audio\" style=\"width: 100%; height: auto\"><\/audio>\r\n\r\n\t<ol class=\"cue-tracks\">\r\n\t\t\t\t\t<li class=\"cue-track\" itemprop=\"track\" itemscope itemtype=\"http:\/\/schema.org\/MusicRecording\">\r\n\t\t\t\t\r\n\t\t\t\t<span class=\"cue-track-details cue-track-cell\">\r\n\t\t\t\t\t<span class=\"cue-track-title\" itemprop=\"name\">Anumodana<\/span>\r\n\t\t\t\t\t<span class=\"cue-track-artist\" itemprop=\"byArtist\">Thaise Monniken<\/span>\r\n\t\t\t\t<\/span>\r\n\r\n\t\t\t\t\r\n\t\t\t\t<span class=\"cue-track-length cue-track-cell\">0:45<\/span>\r\n\r\n\t\t\t\t\t\t\t<\/li>\r\n\t\t\t<\/ol>\r\n\r\n\t<\/div>\r\n\t\t<script type=\"application\/json\" class=\"cue-playlist-data\">{\"embed_link\":\"https:\\\/\\\/buddho.org\\\/nl\\\/?cue_embed=anumodana&cue_theme=default\",\"permalink\":\"https:\\\/\\\/buddho.org\\\/nl\\\/?cue_playlist=anumodana\",\"skin\":\"cue-skin-default\",\"thumbnail\":\"\",\"tracks\":[{\"artist\":\"Thaise Monniken\",\"artworkId\":0,\"artworkUrl\":\"\",\"audioId\":87,\"audioUrl\":\"https:\\\/\\\/buddho.org\\\/nl\\\/wp-content\\\/uploads\\\/sites\\\/2\\\/anumodana-monks.mp3\",\"format\":\"mp3\",\"length\":\"0:45\",\"title\":\"Anumodana\",\"order\":0,\"mp3\":\"https:\\\/\\\/buddho.org\\\/nl\\\/wp-content\\\/uploads\\\/sites\\\/2\\\/anumodana-monks.mp3\",\"meta\":{\"artist\":\"Thaise Monniken\",\"length_formatted\":\"0:45\"},\"src\":\"https:\\\/\\\/buddho.org\\\/nl\\\/wp-content\\\/uploads\\\/sites\\\/2\\\/anumodana-monks.mp3\",\"thumb\":{\"src\":\"\"}}]}<\/script>\r\n\t\t<\/div><\/div>\n<\/div>\n\n\n\n<section class=\"wp-block-group\"><div class=\"wp-block-group__inner-container is-layout-flow wp-block-group-is-layout-flow\"><h2 class=\"wp-block-heading\" id=\"anumodana\">Anumodana<\/h2>\n\n\n<p>(Een uiting van diepe waardering en medevreugde in goede verdienste)<\/p>\n\n\n\n<p><em>Yath\u0101 v\u0101rivah\u0101 p\u016br\u0101 parip\u016brenti s\u0101gara\u1e43<\/em><br><em>Evam eva ito dinna\u1e43 pet\u0101na\u1e43 upakappati<\/em><br><em>Icchita\u1e43 patthita\u1e43 tumha\u1e43 khippam eva samijjhatu<\/em><br><em>Sabbe p\u016brentu sankapp\u0101 cando pannaraso yath\u0101<\/em><br><em>mani jotiraso yath\u0101.<\/em><\/p>\n\n\n\n<p>Net als dat rivieren vol water de oceaan vullen,<br>Net zo is dat wat hier gegeven werd van waarde voor de doden.<br>Moge wat je ook wenst of wil spoedig uit komen,<br>Moge je aspiraties in vervulling komen,<br>zoals de maan op de vijftiende dag (volle maan) of als een stralende, heldere diamant.<\/p>\n\n\n\n<p><em>Sabb\u012btiyo vivajjantu sabba-rogo vinassatu<\/em><br><em>M\u0101 te bhavat vantar\u0101yo sukh\u012b d\u012bgh\u0101yuko bhava<\/em><br><em>Abhiv\u0101dana-s\u012blissa nicca\u1e43 vuddh\u0101pac\u0101yino<\/em><br><em>Catt\u0101ro dhamm\u0101 vaddhanti \u0101yu vanno sukha\u1e43 bala\u1e43<\/em><\/p>\n\n\n\n<p>Moge alle stress worden afgewend, moge alle ziekte worden vernietigd,<br>Moge er geen gevaren voor je zijn, moge je gelukkig zijn en lang leven.<br>Voor iemand die respectvol is, en zij die het waard zijn constant eert,<br>zullen vier kwaliteiten toenemen: lang leven, schoonheid, geluk en kracht.<\/p>\n\n\n\n<p><em>\u0100yu-vaddhako dhana-vaddhako siri-vaddhako yasa-vaddhako bala-vaddhako vanna-vaddhako sukha-vaddhako <\/em><em>hotu sabbad\u0101.<\/em><br><em>Dukkha-roga-bhay\u0101 ver\u0101 sok\u0101 sattu c\u2019upaddav\u0101<\/em><br><em>Anek\u0101 antar\u0101y\u0101 pi vinassantu ca tejas\u0101<\/em><br><em>Jaya-siddhi dhana\u1e43 l\u0101bha\u1e43 sotthi bh\u0101gya\u1e43 sukha\u1e43 <\/em><em>bala\u1e43<\/em><br><em>Siri \u0101yu ca vanno ca bhoga\u1e43 vuddh\u012b ca yasav\u0101<\/em><br><em>Sata-vass\u0101 ca \u0101y\u016b ca j\u012bva-siddh\u012b bhavantu te.<\/em><\/p>\n\n\n\n<p>Moge er altijd een toename van lang leven, rijkdom, eer, status, kracht, schoonheid en geluk zijn.<br>Moge leed, ziekte, gevaar, vijandigheid, verdriet, tegenslag, ongeluk,<br>&#8211; oneindige obstakels &#8211; verdwijnen door de stralende energie.<br>Overwinning, succes, rijkdom, winst, veiligheid, geluk, gelukzaligheid, kracht,<br>roem en succes in je levensonderhoud: mogen ze de jouwe zijn.<\/p>\n\n\n\n<p><em>Bhavatu sabba-mangala\u1e43 rakkhantu sabba-devat\u0101<\/em><br><em>Sabba-buddh\u0101nubh\u0101vena sad\u0101 sotth\u012b bhavantu te.<\/em><\/p>\n\n\n\n<p><em>Bhavatu sabba-mangala\u1e43 rakkhantu sabba-devat\u0101<\/em><br><em>Sabba-dhamm\u0101nubh\u0101vena sad\u0101 sotth\u012b bhavantu te.<\/em><\/p>\n\n\n\n<p><em>Bhavatu sabba-mangala\u1e43 rakkhantu sabba-devat\u0101<\/em><br><em>Sabba-sangh\u0101nubh\u0101vena sad\u0101 sotth\u012b bhavantu te.<\/em><\/p>\n\n\n\n<p>Dat alle zegen naar je toekomt, moge alle hemelse wezens je beschermen.<br>Door de kracht van de Boeddha, moge je altijd gelukkig zijn.<\/p>\n\n\n\n<p>Dat alle zegen naar je toekomt, moge alle hemelse wezens je beschermen.<br>Door de kracht van de Dhamma, moge je altijd gelukkig zijn.<\/p>\n\n\n\n<p>Dat alle zegen naar je toekomt, moge alle hemelse wezens je beschermen.<br>Door de kracht van de Sangha, moge je altijd gelukkig zijn.<\/p>\n<\/div><\/section>\n","protected":false},"excerpt":{"rendered":"<p>Je hebt een waardevol steentje bijgedragen aan buddho.org en daarmee het behoud deze website. Wij hopen dat we met jouw hulp nog lang een waardevolle bijdrage aan de Dhamma in Nederland kunnen leveren. Anumodana (Een uiting van diepe waardering en medevreugde in goede verdienste) Yath\u0101 v\u0101rivah\u0101 p\u016br\u0101 parip\u016brenti s\u0101gara\u1e43Evam eva ito dinna\u1e43 pet\u0101na\u1e43 upakappatiIcchita\u1e43 patthita\u1e43 [&hellip;]<\/p>\n","protected":false},"author":1,"featured_media":51,"parent":0,"menu_order":0,"comment_status":"closed","ping_status":"closed","template":"","meta":{"footnotes":""},"class_list":["post-50","page","type-page","status-publish","has-post-thumbnail","hentry"],"_links":{"self":[{"href":"https:\/\/buddho.org\/nl\/wp-json\/wp\/v2\/pages\/50","targetHints":{"allow":["GET"]}}],"collection":[{"href":"https:\/\/buddho.org\/nl\/wp-json\/wp\/v2\/pages"}],"about":[{"href":"https:\/\/buddho.org\/nl\/wp-json\/wp\/v2\/types\/page"}],"author":[{"embeddable":true,"href":"https:\/\/buddho.org\/nl\/wp-json\/wp\/v2\/users\/1"}],"replies":[{"embeddable":true,"href":"https:\/\/buddho.org\/nl\/wp-json\/wp\/v2\/comments?post=50"}],"version-history":[{"count":0,"href":"https:\/\/buddho.org\/nl\/wp-json\/wp\/v2\/pages\/50\/revisions"}],"wp:featuredmedia":[{"embeddable":true,"href":"https:\/\/buddho.org\/nl\/wp-json\/wp\/v2\/media\/51"}],"wp:attachment":[{"href":"https:\/\/buddho.org\/nl\/wp-json\/wp\/v2\/media?parent=50"}],"curies":[{"name":"wp","href":"https:\/\/api.w.org\/{rel}","templated":true}]}}