{"id":47,"date":"2022-12-25T16:12:46","date_gmt":"2022-12-25T15:12:46","guid":{"rendered":"https:\/\/new.buddho.org\/nl\/?page_id=47"},"modified":"2023-01-02T23:57:19","modified_gmt":"2023-01-02T22:57:19","slug":"beginnen-met-mediteren","status":"publish","type":"page","link":"https:\/\/buddho.org\/nl\/beginnen-met-mediteren\/","title":{"rendered":"Beginnen met Mediteren: Onze Meditatiecursus"},"content":{"rendered":"\n<section class=\"wp-block-group\"><div class=\"wp-block-group__inner-container is-layout-flow wp-block-group-is-layout-flow\">\n<p class=\"drop-cap first-paragraph\">Begin met <a href=\"https:\/\/buddho.org\/nl\/meditatie\/\">mediteren<\/a> en begeef je op het pad naar meer innerlijke kalmte en een steeds dieper inzicht in hoe je bewustzijn in elkaar steekt.<\/p>\n\n\n\n<p>Zo werk je aan een tevredener, gemakkelijker en gelukkiger leven.<\/p>\n\n\n\n<p>Waarom dat zo is wordt je snel duidelijk als je zelf een tijdje bezig bent geweest.<\/p>\n\n\n\n<p>Je moet alleen wel zelf de stappen zetten op het pad, niemand anders kan het voor jou doen.<\/p>\n\n\n\n<p>Om je goed op weg te helpen geven wij een gratis meditatiecursus van 6 weken.<\/p>\n\n\n\n<p>Zo kun je leren mediteren en onderzoeken of meditatie ook iets voor jou is.<\/p>\n\n\n<h2 class=\"wp-block-heading\" id=\"leren-mediteren\">Leren Mediteren<\/h2>\n\n\n<p>Voor iedereen die wil leren mediteren is persoonlijke begeleiding essentieel.<\/p>\n\n\n\n<p>Daarom bieden wij in onze 6-weekse meditatiecursus werkelijk persoonlijke begeleiding, \u00e9\u00e9n op \u00e9\u00e9n, helemaal op jou afgestemd.<\/p>\n\n\n\n<p>Onze meditatiecursus begint met een persoonlijk kennismakingsgesprek.<\/p>\n\n\n\n<p>Dat kan eventueel digitaal, maar onze voorkeur gaat uit naar een fysieke afspraak.<\/p>\n\n\n\n<p>Als je het fijn vindt om iemand mee te nemen naar het gesprek is dat natuurlijk geen enkel probleem.<\/p>\n\n\n\n<p>De kennismaking is volledig vrijblijvend, of je naderhand wil beginnen met de meditatiecursus of niet is helemaal aan jou.<\/p>\n\n\n\n<p>Tijdens het gesprek gaan we in op je eventuele eerdere meditatie-ervaring en onderzoeken we wat je wensen en vragen zijn.<\/p>\n\n\n\n<p>Natuurlijk zullen we je ook meer vertellen over ons <a href=\"https:\/\/buddho.org\/nl\/meditatie\/\">meditatiesysteem<\/a> en hoe dit past binnen het boeddhistische kader.<\/p>\n\n\n\n<p>Het meditatiesysteem dat we onderwijzen maakt gebruik van een <a href=\"https:\/\/buddho.org\/nl\/herkomst-en-gebruik-van-de-mala\/\">kralenketting (<em>mala<\/em>)<\/a>.<\/p>\n\n\n\n<p>Als het meditatiesysteem dat we onderwijzen je aanspreekt en je verder wil gaan met leren mediteren, dan krijg je van ons een <em>mala<\/em> cadeau.<\/p>\n\n\n\n<p>Daarna kun je direct thuis aan de slag.<\/p>\n\n\n<h2 class=\"wp-block-heading\" id=\"wat-wij-van-jou-verwachten\">Wat Wij van Jou Verwachten<\/h2>\n\n\n<p>Als je aan de meditatiecursus begint hebben we \u00e9\u00e9n \u2018eis\u2019: je geeft de meditatiemethode 6 weken lang een oprechte kans door elke dag 20 minuten te mediteren.<\/p>\n\n\n\n<p>Door 6 weken <a href=\"https:\/\/buddho.org\/nl\/de-discipline-opbrengen-om-elke-dag-te-mediteren\/\">dagelijks thuis te mediteren<\/a> kun je vertrouwd raken met de methode en wat de meditatie met jou doet.<\/p>\n\n\n\n<p>Alleen zo kun je echt leren mediteren.<\/p>\n\n\n\n<p>Daarnaast verwachten we dat je tijdens de meditatiecursus (ten minste) wekelijks contact met de <a href=\"https:\/\/buddho.org\/nl\/leraren\/\">meditatieleraar<\/a> hebt, zodat je goed begeleid kan worden.<\/p>\n\n\n\n<p>Dat kan via de mail, app, bellen of een videogesprek, maar natuurlijk ben je ook altijd van harte welkom om in die 6 weken nog eens langs te komen.<\/p>\n\n\n<h2 class=\"wp-block-heading\" id=\"de-kosten\">De Kosten<\/h2>\n\n\n<p>We hebben het al eerder aangegeven, maar nog een keer voor de duidelijkheid: al onze begeleiding is (en blijft altijd) gratis en vrijblijvend.<\/p>\n\n\n\n<p>Wij geven onze begeleiding uit diepe dankbaarheid voor wat dit meditatiesysteem en het boeddhistische kader ons heeft gebracht.<\/p>\n\n\n\n<p>Mocht je het leuk vinden dan kun je <a href=\"https:\/\/buddho.org\/nl\/doneren\/\">een donatie geven<\/a>, maar dat is echt helemaal aan jou.<\/p>\n\n\n<h2 class=\"wp-block-heading\" id=\"en-na-de-meditatiecursus\">En N\u00e1 de Meditatiecursus?<\/h2>\n\n\n<p>Als je de meditatiecursus hebt afgerond maak je samen met de meditatieleraar de balans op.<\/p>\n\n\n\n<p>Wil je stoppen, dan is dat geen enkel probleem.<\/p>\n\n\n\n<p>Ben je tot de conclusie gekomen dat mediteren een waardevolle toevoeging aan je leven is, dan moedigen we je van harte aan om door te gaan.<\/p>\n\n\n\n<p>Uiteindelijk is mediteren iets voor de rest van je leven, de meditatiecursus is slechts de eerste stap.<\/p>\n\n\n\n<p>En als je dat wil, zullen wij je blijven begeleiden. De frequentie van het contact laten we dan wel helemaal aan jou over.<\/p>\n\n\n\n<p>De mensen die doorgaan komen gemiddeld 1-4 keer per jaar langs, gewoon om weer even af te stemmen hoe het gaat. Vaker mag natuurlijk ook.<\/p>\n\n\n\n<p>Daarnaast mag je na de meditatiecursus deelnemen aan de maandelijkse <a href=\"https:\/\/buddho.org\/nl\/agenda\/#groepsmeditaties\">groepsmeditaties<\/a>&nbsp;en onze <a href=\"https:\/\/buddho.org\/nl\/agenda\/#retraites\">retraites<\/a> om je verder te verdiepen.<\/p>\n\n\n<h2 class=\"wp-block-heading\" id=\"wil-je-beginnen-met-mediteren\">Wil je Beginnen met Mediteren?<\/h2>\n\n\n<p>Ben je inmiddels gemotiveerd om de eerste stap op het pad te zetten? Vul dan onderstand contactformulier in.<\/p>\n<\/div><\/section>\n\n\n\n<div class=\"wp-block-columns hf-columns is-layout-flex wp-container-core-columns-is-layout-9d6595d7 wp-block-columns-is-layout-flex\">\n<div class=\"wp-block-column is-layout-flow wp-block-column-is-layout-flow\" style=\"flex-basis:100%\"><!-- HTML Forms v1.6.4 - https:\/\/wordpress.org\/plugins\/html-forms\/ -->\n<form method=\"post\"  class=\"hf-form hf-form-11 \" data-id=\"11\" data-title=\"Contact\" data-slug=\"contact\" data-message-success=\"Bedankt voor je bericht! Je krijgt een email ter bevestiging, als je deze niet ontvangt dan is er iets niet goed gegaan.\" data-message-invalid-email=\"Sorry, het email adres klopt niet.\" data-message-required-field-missing=\"Vul alsjeblieft de verplichte velden in.\" data-message-error=\"Er is een fout opgetreden bij het versturen van het bericht; probeer het later nog eens.\" data-message-recaptcha-failed=\"reCAPTCHA verification failed. Please try again.\" data-message-recaptcha-low-score=\"Your submission appears to be spam. Please try again.\"><input type=\"hidden\" name=\"_hf_form_id\" value=\"11\" \/><div style=\"display: none;\"><input type=\"text\" name=\"_hf_h11\" value=\"\" \/><\/div><div class=\"hf-fields-wrap\"><!--<div>\r\n  <p style=\"border: 3px solid red; padding: 1rem\">\r\n    <b>Let op:<\/b> Vanwege een meditatieretraite van 6 weken zijn wij van 10 januari tot 22 februari niet bereikbaar. Laat gerust een bericht achter, we reageren zodra we terug zijn!\r\n  <\/p><br>\r\n<\/div>-->\r\n<div class=\"form-group input\">\r\n    <input class=\"form-control\" type=\"text\" name=\"NAME\" placeholder=\"Naam *\" required aria-lable=\"Naam\" \/>\r\n<\/div>\r\n<div class=\"form-group input\">\r\n  \t<input class=\"form-control\" type=\"email\" name=\"EMAIL\" placeholder=\"E-mailadres *\" required aria-lable=\"E-mailadres\" \/>\r\n<\/div>\r\n<div class=\"form-group\">\r\n\t<textarea rows=\"8\" class=\"form-control\" name=\"MESSAGE\" placeholder=\"Bericht *\" required aria-lable=\"Bericht\"><\/textarea>\r\n<\/div>\r\n<div class=\"hf-button\">\r\n\t<div class=\"cfts-container\" data-context=\"html-forms\" aria-label=\"Security challenge\"><\/div><input type=\"submit\" value=\"Verzenden\" \/>\r\n<\/div>\r\n<div class=\"hf-privacy\">\r\n  \t<small>Lees ons <a href=\"https:\/\/buddho.org\/nl\/privacybeleid\/\">privacybeleid<\/a><\/small>\r\n<\/div><noscript>Activeer JavaScript om gebruik te maken van dit formulier.<\/noscript><\/div><\/form><!-- \/ HTML Forms --><\/div>\n<\/div>\n","protected":false},"excerpt":{"rendered":"<p>Begin met mediteren en begeef je op het pad naar meer innerlijke kalmte en een steeds dieper inzicht in hoe je bewustzijn in elkaar steekt. Zo werk je aan een tevredener, gemakkelijker en gelukkiger leven. Waarom dat zo is wordt je snel duidelijk als je zelf een tijdje bezig bent geweest. Je moet alleen wel [&hellip;]<\/p>\n","protected":false},"author":1,"featured_media":48,"parent":0,"menu_order":0,"comment_status":"closed","ping_status":"closed","template":"","meta":{"footnotes":""},"class_list":["post-47","page","type-page","status-publish","has-post-thumbnail","hentry"],"_links":{"self":[{"href":"https:\/\/buddho.org\/nl\/wp-json\/wp\/v2\/pages\/47","targetHints":{"allow":["GET"]}}],"collection":[{"href":"https:\/\/buddho.org\/nl\/wp-json\/wp\/v2\/pages"}],"about":[{"href":"https:\/\/buddho.org\/nl\/wp-json\/wp\/v2\/types\/page"}],"author":[{"embeddable":true,"href":"https:\/\/buddho.org\/nl\/wp-json\/wp\/v2\/users\/1"}],"replies":[{"embeddable":true,"href":"https:\/\/buddho.org\/nl\/wp-json\/wp\/v2\/comments?post=47"}],"version-history":[{"count":0,"href":"https:\/\/buddho.org\/nl\/wp-json\/wp\/v2\/pages\/47\/revisions"}],"wp:featuredmedia":[{"embeddable":true,"href":"https:\/\/buddho.org\/nl\/wp-json\/wp\/v2\/media\/48"}],"wp:attachment":[{"href":"https:\/\/buddho.org\/nl\/wp-json\/wp\/v2\/media?parent=47"}],"curies":[{"name":"wp","href":"https:\/\/api.w.org\/{rel}","templated":true}]}}